{"id":81,"date":"2022-05-15T13:58:25","date_gmt":"2022-05-15T13:58:25","guid":{"rendered":"http:\/\/www.szkolenia-wyjazdy.com.pl\/?page_id=81"},"modified":"2022-05-15T13:58:25","modified_gmt":"2022-05-15T13:58:25","slug":"szkolenia-miekkie","status":"publish","type":"page","link":"https:\/\/www.szkolenia-wyjazdy.com.pl\/index.php\/szkolenia-miekkie\/","title":{"rendered":"Szkolenia mi\u0119kkie"},"content":{"rendered":"<p>Zapraszamy na nasze szkolenia. Szkolimy na tematy przedstawione poni\u017cej:<br \/>\n<img loading=\"lazy\" decoding=\"async\" class=\"alignnone size-full wp-image-82\" src=\"https:\/\/www.szkolenia-wyjazdy.com.pl\/wp-content\/uploads\/2022\/05\/szkolenieIMG_9963-152.jpg\" alt=\"\" width=\"700\" height=\"485\" srcset=\"https:\/\/www.szkolenia-wyjazdy.com.pl\/wp-content\/uploads\/2022\/05\/szkolenieIMG_9963-152.jpg 700w, https:\/\/www.szkolenia-wyjazdy.com.pl\/wp-content\/uploads\/2022\/05\/szkolenieIMG_9963-152-300x208.jpg 300w, https:\/\/www.szkolenia-wyjazdy.com.pl\/wp-content\/uploads\/2022\/05\/szkolenieIMG_9963-152-433x300.jpg 433w\" sizes=\"auto, (max-width: 700px) 100vw, 700px\" \/><br \/>\nUrz\u0105dzenie do pomiaru momentu obrotowego, zw\u0142aszcza wa\u0142u nap\u0119dowego maszyny bie\u017cnej do badania opor\u00f3w toczenia opon samochodowych &#8211; gry .<\/p>\n<ul>\n<li>Waga wysokiej dok\u0142adno\u015bci o obci\u0105\u017ceniu maksymalnym 1 kg &#8211; szkolenia zdalne . Przyrz\u0105d do szlifowania ostrzy, zw\u0142aszcza no\u017cyk\u00f3w chirurgicznych &#8211; szkolenia . Dysza zraszaj\u0105ca &#8211; kursy dla firm . Bateria czerpalna dwud\u017awigniowa &#8211; szkolenia . Przep\u0142ywomierz &#8211; szkolenia ze sprzeda\u017cy .<\/li>\n<li>Spos\u00f3b czyszczenia wn\u0119trza rurek wymiennik\u00f3w ciep\u0142a i urz\u0105dzenie do czyszczenia wn\u0119trza rurek wymiennik\u00f3w ciep\u0142a &#8211; szkolenia z prowadzenia prezentacji . Zaw\u00f3r sterowany ci\u015bnieniem &#8211; wyjazdy symulacyjne . Uk\u0142ad do kontroli czteroprzewodowej sieci tr\u00f3jfazowej &#8211; coachingi .<\/li>\n<li>Spos\u00f3b usuwania tlenk\u00f3w azotu i mg\u0142y kwasu siarkowego z gaz\u00f3w odlotowych zw\u0142aszcza z nitrozowych fabryk kwasu siarkowego &#8211; gry .<\/li>\n<li>Spos\u00f3b ci\u0119cia metalu, szczeg\u00f3lnie w biegu &#8211; szkolenia zdalne<\/li>\n<\/ul>\n","protected":false},"excerpt":{"rendered":"<p>Zapraszamy na nasze szkolenia. Szkolimy na tematy przedstawione poni\u017cej: Urz\u0105dzenie do pomiaru momentu obrotowego, zw\u0142aszcza wa\u0142u nap\u0119dowego maszyny bie\u017cnej do badania opor\u00f3w toczenia opon samochodowych &#8211; gry . Waga wysokiej dok\u0142adno\u015bci o obci\u0105\u017ceniu maksymalnym 1 kg &#8211; szkolenia zdalne . &hellip; <a href=\"https:\/\/www.szkolenia-wyjazdy.com.pl\/index.php\/szkolenia-miekkie\/\">Czytaj dalej <span class=\"meta-nav\">&rarr;<\/span><\/a><\/p>\n","protected":false},"author":1,"featured_media":0,"parent":0,"menu_order":0,"comment_status":"closed","ping_status":"closed","template":"","meta":{"footnotes":""},"class_list":["post-81","page","type-page","status-publish","hentry"],"_links":{"self":[{"href":"https:\/\/www.szkolenia-wyjazdy.com.pl\/index.php\/wp-json\/wp\/v2\/pages\/81","targetHints":{"allow":["GET"]}}],"collection":[{"href":"https:\/\/www.szkolenia-wyjazdy.com.pl\/index.php\/wp-json\/wp\/v2\/pages"}],"about":[{"href":"https:\/\/www.szkolenia-wyjazdy.com.pl\/index.php\/wp-json\/wp\/v2\/types\/page"}],"author":[{"embeddable":true,"href":"https:\/\/www.szkolenia-wyjazdy.com.pl\/index.php\/wp-json\/wp\/v2\/users\/1"}],"replies":[{"embeddable":true,"href":"https:\/\/www.szkolenia-wyjazdy.com.pl\/index.php\/wp-json\/wp\/v2\/comments?post=81"}],"version-history":[{"count":1,"href":"https:\/\/www.szkolenia-wyjazdy.com.pl\/index.php\/wp-json\/wp\/v2\/pages\/81\/revisions"}],"predecessor-version":[{"id":83,"href":"https:\/\/www.szkolenia-wyjazdy.com.pl\/index.php\/wp-json\/wp\/v2\/pages\/81\/revisions\/83"}],"wp:attachment":[{"href":"https:\/\/www.szkolenia-wyjazdy.com.pl\/index.php\/wp-json\/wp\/v2\/media?parent=81"}],"curies":[{"name":"wp","href":"https:\/\/api.w.org\/{rel}","templated":true}]}}