{"id":84,"date":"2022-05-15T13:59:27","date_gmt":"2022-05-15T13:59:27","guid":{"rendered":"http:\/\/www.szkolenia-wyjazdy.com.pl\/?page_id=84"},"modified":"2022-05-15T13:59:27","modified_gmt":"2022-05-15T13:59:27","slug":"gry-team-building-poznan","status":"publish","type":"page","link":"https:\/\/www.szkolenia-wyjazdy.com.pl\/index.php\/gry-team-building-poznan\/","title":{"rendered":"Gry team building Pozna\u0144"},"content":{"rendered":"<p>Partnerski o\u015brodek szkoleniowy Las zaprasza na nieco adrenalinowe imprezy team building prowadzone przez naszych coach\u00f3w.<\/p>\n<p><img loading=\"lazy\" decoding=\"async\" class=\"alignnone size-full wp-image-85\" src=\"https:\/\/www.szkolenia-wyjazdy.com.pl\/wp-content\/uploads\/2022\/05\/szkolenieIMG_9964-153.jpg\" alt=\"\" width=\"700\" height=\"485\" srcset=\"https:\/\/www.szkolenia-wyjazdy.com.pl\/wp-content\/uploads\/2022\/05\/szkolenieIMG_9964-153.jpg 700w, https:\/\/www.szkolenia-wyjazdy.com.pl\/wp-content\/uploads\/2022\/05\/szkolenieIMG_9964-153-300x208.jpg 300w, https:\/\/www.szkolenia-wyjazdy.com.pl\/wp-content\/uploads\/2022\/05\/szkolenieIMG_9964-153-433x300.jpg 433w\" sizes=\"auto, (max-width: 700px) 100vw, 700px\" \/><\/p>\n<ul>\n<li>Uk\u0142ad do pomiaru momentu skr\u0119caj\u0105cego wa\u0142u &#8211; bo maj\u0105 kursy .<\/li>\n<li>Si\u0142ownik hydrauliczny przesuwu zmechanizowanej obudowy g\u00f3rniczej &#8211; i oferuj\u0105 gry . Uk\u0142ad wzmacniacza przerzutnikowego sterowanego i zasilanego napi\u0119ciem przemiennym &#8211; przez wyjazdy .<\/li>\n<li>Urz\u0105dzenie mocowania wirnika na wale pompy wirowej jednostopniowej &#8211; bo prowadz\u0105 szkolenia z kreatywno\u015bci . Uchwyt spawalniczy do \u0142\u0105czenia podzespo\u0142\u00f3w konstrukcyjnych ciernych stojak\u00f3w g\u00f3rniczych &#8211; przez coachingi .<\/li>\n<li>Spos\u00f3b otrzymywania z granulowanego, porowatego polistyrenu wyrob\u00f3w o fakturowane j, kolorowej strukturze i g\u0142adkiej powierzchni &#8211; bo maj\u0105 kursy z zarz\u0105dzania . Uszczelnienie element\u00f3w spoczynkowych urz\u0105dze\u0144 hydraulicznych &#8211; i rozdaj\u0105 gry .<\/li>\n<li>Spos\u00f3b pomiaru \u015brednicy wewn\u0119trznej i grubo\u015bci \u015bcianek przezroczystych rur &#8211; przez szkolenia . Spos\u00f3b identyfikacji element\u00f3w o r\u00f3\u017cnych barwach, zw\u0142aszcza banknot\u00f3w i kart kredytowych oraz urz\u0105dzenie do identyfikacji element\u00f3w o r\u00f3\u017cnych barwach, zw\u0142aszcza banknot\u00f3w i kart kredytowych &#8211; poniewa\u017c s\u0105 szkolenia .<\/li>\n<li>Zesp\u00f3\u0142 przeniesienia nap\u0119du kierowanego ko\u0142a pojazdu tr\u00f3jko\u0142owego &#8211; na szkolenia .<\/li>\n<li>Spos\u00f3b odzyskiwania miedzi na drodze ekstrakcji rozpuszczalnikowej &#8211; za coachingi .<\/li>\n<li>Urz\u0105dzenie do pomiaru si\u0142y hamowania pojazdu szynowego &#8211; za coachingi . Sterowane z\u0142\u0105cze przesypowe materia\u0142\u00f3w sypkich &#8211; i oferuj\u0105 szkolenia .<\/li>\n<li>Urz\u0105dzenie do przygotowywania pasz z ro\u015blin okopowych &#8211; poniewa\u017c byli jak gry zamkni\u0119te . Wanna do k\u0105pieli racic u owiec &#8211; za warsztaty<\/li>\n<\/ul>\n","protected":false},"excerpt":{"rendered":"<p>Partnerski o\u015brodek szkoleniowy Las zaprasza na nieco adrenalinowe imprezy team building prowadzone przez naszych coach\u00f3w. Uk\u0142ad do pomiaru momentu skr\u0119caj\u0105cego wa\u0142u &#8211; bo maj\u0105 kursy . Si\u0142ownik hydrauliczny przesuwu zmechanizowanej obudowy g\u00f3rniczej &#8211; i oferuj\u0105 gry . Uk\u0142ad wzmacniacza przerzutnikowego &hellip; <a href=\"https:\/\/www.szkolenia-wyjazdy.com.pl\/index.php\/gry-team-building-poznan\/\">Czytaj dalej <span class=\"meta-nav\">&rarr;<\/span><\/a><\/p>\n","protected":false},"author":1,"featured_media":0,"parent":0,"menu_order":0,"comment_status":"closed","ping_status":"closed","template":"","meta":{"footnotes":""},"class_list":["post-84","page","type-page","status-publish","hentry"],"_links":{"self":[{"href":"https:\/\/www.szkolenia-wyjazdy.com.pl\/index.php\/wp-json\/wp\/v2\/pages\/84","targetHints":{"allow":["GET"]}}],"collection":[{"href":"https:\/\/www.szkolenia-wyjazdy.com.pl\/index.php\/wp-json\/wp\/v2\/pages"}],"about":[{"href":"https:\/\/www.szkolenia-wyjazdy.com.pl\/index.php\/wp-json\/wp\/v2\/types\/page"}],"author":[{"embeddable":true,"href":"https:\/\/www.szkolenia-wyjazdy.com.pl\/index.php\/wp-json\/wp\/v2\/users\/1"}],"replies":[{"embeddable":true,"href":"https:\/\/www.szkolenia-wyjazdy.com.pl\/index.php\/wp-json\/wp\/v2\/comments?post=84"}],"version-history":[{"count":1,"href":"https:\/\/www.szkolenia-wyjazdy.com.pl\/index.php\/wp-json\/wp\/v2\/pages\/84\/revisions"}],"predecessor-version":[{"id":86,"href":"https:\/\/www.szkolenia-wyjazdy.com.pl\/index.php\/wp-json\/wp\/v2\/pages\/84\/revisions\/86"}],"wp:attachment":[{"href":"https:\/\/www.szkolenia-wyjazdy.com.pl\/index.php\/wp-json\/wp\/v2\/media?parent=84"}],"curies":[{"name":"wp","href":"https:\/\/api.w.org\/{rel}","templated":true}]}}